{"id":669,"date":"2024-04-16T09:01:43","date_gmt":"2024-04-16T08:01:43","guid":{"rendered":"https:\/\/www.lutemo.nl\/nieuw\/?page_id=669"},"modified":"2024-04-26T15:48:11","modified_gmt":"2024-04-26T14:48:11","slug":"over-ons","status":"publish","type":"page","link":"https:\/\/www.lutemo.nl\/de\/over-ons\/","title":{"rendered":"\u00dcber uns"},"content":{"rendered":"<div data-elementor-type=\"wp-page\" data-elementor-id=\"669\" class=\"elementor elementor-669\">\n\t\t\t\t\t\t<section class=\"elementor-section elementor-top-section elementor-element elementor-element-59df02e elementor-section-content-middle elementor-section-boxed elementor-section-height-default elementor-section-height-default\" data-id=\"59df02e\" data-element_type=\"section\" data-e-type=\"section\" data-settings=\"{&quot;background_background&quot;:&quot;classic&quot;}\">\n\t\t\t\t\t\t\t<div class=\"elementor-background-overlay\"><\/div>\n\t\t\t\t\t\t\t<div class=\"elementor-container elementor-column-gap-default\">\n\t\t\t\t\t<div class=\"elementor-column elementor-col-50 elementor-top-column elementor-element elementor-element-bb0dc01\" data-id=\"bb0dc01\" data-element_type=\"column\" data-e-type=\"column\">\n\t\t\t<div class=\"elementor-widget-wrap elementor-element-populated\">\n\t\t\t\t\t\t<div class=\"elementor-element elementor-element-9c9822f elementor-invisible elementor-widget elementor-widget-heading\" data-id=\"9c9822f\" data-element_type=\"widget\" data-e-type=\"widget\" data-settings=\"{&quot;_animation&quot;:&quot;fadeIn&quot;}\" data-widget_type=\"heading.default\">\n\t\t\t\t<div class=\"elementor-widget-container\">\n\t\t\t\t\t<h1 class=\"elementor-heading-title elementor-size-default\">\u00dcber uns<\/h1>\t\t\t\t<\/div>\n\t\t\t\t<\/div>\n\t\t\t\t<div class=\"elementor-element elementor-element-06e34c4 elementor-invisible elementor-widget elementor-widget-heading\" data-id=\"06e34c4\" data-element_type=\"widget\" data-e-type=\"widget\" data-settings=\"{&quot;_animation&quot;:&quot;fadeIn&quot;,&quot;_animation_delay&quot;:200}\" data-widget_type=\"heading.default\">\n\t\t\t\t<div class=\"elementor-widget-container\">\n\t\t\t\t\t<h4 class=\"elementor-heading-title elementor-size-default\">Tauchen Sie ein in unsere globalen Projekte, von gro\u00df bis klein, bei denen Handwerkskunst und Innovation zusammenkommen. Von lokalen Herausforderungen bis hin zu globalen Erfolgen liefern wir Qualit\u00e4t in jeder Gr\u00f6\u00dfenordnung.<\/h4>\t\t\t\t<\/div>\n\t\t\t\t<\/div>\n\t\t\t\t<div class=\"elementor-element elementor-element-d369869 elementor-widget elementor-widget-button\" data-id=\"d369869\" data-element_type=\"widget\" data-e-type=\"widget\" data-widget_type=\"button.default\">\n\t\t\t\t<div class=\"elementor-widget-container\">\n\t\t\t\t\t\t\t\t\t<div class=\"elementor-button-wrapper\">\n\t\t\t\t\t<a class=\"elementor-button elementor-button-link elementor-size-sm\" href=\"https:\/\/www.lutemo.nl\/de\/nieuw\/contact\/\">\n\t\t\t\t\t\t<span class=\"elementor-button-content-wrapper\">\n\t\t\t\t\t\t<span class=\"elementor-button-icon\">\n\t\t\t\t<svg aria-hidden=\"true\" class=\"e-font-icon-svg e-fas-arrow-right\" viewbox=\"0 0 448 512\" xmlns=\"http:\/\/www.w3.org\/2000\/svg\"><path d=\"M190.5 66.9l22.2-22.2c9.4-9.4 24.6-9.4 33.9 0L441 239c9.4 9.4 9.4 24.6 0 33.9L246.6 467.3c-9.4 9.4-24.6 9.4-33.9 0l-22.2-22.2c-9.5-9.5-9.3-25 .4-34.3L311.4 296H24c-13.3 0-24-10.7-24-24v-32c0-13.3 10.7-24 24-24h287.4L190.9 101.2c-9.8-9.3-10-24.8-.4-34.3z\"><\/path><\/svg>\t\t\t<\/span>\n\t\t\t\t\t\t\t\t\t<span class=\"elementor-button-text\">Kontakt<\/span>\n\t\t\t\t\t<\/span>\n\t\t\t\t\t<\/a>\n\t\t\t\t<\/div>\n\t\t\t\t\t\t\t\t<\/div>\n\t\t\t\t<\/div>\n\t\t\t\t\t<\/div>\n\t\t<\/div>\n\t\t\t\t<div class=\"elementor-column elementor-col-50 elementor-top-column elementor-element elementor-element-a930c0f\" data-id=\"a930c0f\" data-element_type=\"column\" data-e-type=\"column\">\n\t\t\t<div class=\"elementor-widget-wrap\">\n\t\t\t\t\t\t\t<\/div>\n\t\t<\/div>\n\t\t\t\t\t<\/div>\n\t\t<\/section>\n\t\t\t\t<section class=\"elementor-section elementor-top-section elementor-element elementor-element-6adb8658 elementor-section-boxed elementor-section-height-default elementor-section-height-default\" data-id=\"6adb8658\" data-element_type=\"section\" data-e-type=\"section\">\n\t\t\t\t\t\t<div class=\"elementor-container elementor-column-gap-default\">\n\t\t\t\t\t<div class=\"elementor-column elementor-col-50 elementor-top-column elementor-element elementor-element-1feb7cca\" data-id=\"1feb7cca\" data-element_type=\"column\" data-e-type=\"column\" data-settings=\"{&quot;background_background&quot;:&quot;classic&quot;}\">\n\t\t\t<div class=\"elementor-widget-wrap elementor-element-populated\">\n\t\t\t\t\t\t<div class=\"elementor-element elementor-element-4c23c486 elementor-widget elementor-widget-image\" data-id=\"4c23c486\" data-element_type=\"widget\" data-e-type=\"widget\" data-widget_type=\"image.default\">\n\t\t\t\t<div class=\"elementor-widget-container\">\n\t\t\t\t\t\t\t\t\t\t\t\t\t\t\t<img fetchpriority=\"high\" decoding=\"async\" width=\"2048\" height=\"1610\" src=\"https:\/\/www.lutemo.nl\/wp-content\/uploads\/2024\/04\/Lutemo-BV-Aalten366933545_309656204920975_4457951145460708586_n.jpg\" class=\"attachment-full size-full wp-image-1083\" alt=\"Lutemo BV - Aalten\" srcset=\"https:\/\/www.lutemo.nl\/wp-content\/uploads\/2024\/04\/Lutemo-BV-Aalten366933545_309656204920975_4457951145460708586_n.jpg 2048w, https:\/\/www.lutemo.nl\/wp-content\/uploads\/2024\/04\/Lutemo-BV-Aalten366933545_309656204920975_4457951145460708586_n-300x236.jpg 300w, https:\/\/www.lutemo.nl\/wp-content\/uploads\/2024\/04\/Lutemo-BV-Aalten366933545_309656204920975_4457951145460708586_n-1024x805.jpg 1024w, https:\/\/www.lutemo.nl\/wp-content\/uploads\/2024\/04\/Lutemo-BV-Aalten366933545_309656204920975_4457951145460708586_n-768x604.jpg 768w, https:\/\/www.lutemo.nl\/wp-content\/uploads\/2024\/04\/Lutemo-BV-Aalten366933545_309656204920975_4457951145460708586_n-1536x1208.jpg 1536w, https:\/\/www.lutemo.nl\/wp-content\/uploads\/2024\/04\/Lutemo-BV-Aalten366933545_309656204920975_4457951145460708586_n-15x12.jpg 15w, https:\/\/www.lutemo.nl\/wp-content\/uploads\/2024\/04\/Lutemo-BV-Aalten366933545_309656204920975_4457951145460708586_n-650x511.jpg 650w\" sizes=\"(max-width: 2048px) 100vw, 2048px\" \/>\t\t\t\t\t\t\t\t\t\t\t\t\t\t\t<\/div>\n\t\t\t\t<\/div>\n\t\t\t\t\t<\/div>\n\t\t<\/div>\n\t\t\t\t<div class=\"elementor-column elementor-col-50 elementor-top-column elementor-element elementor-element-52828f70\" data-id=\"52828f70\" data-element_type=\"column\" data-e-type=\"column\">\n\t\t\t<div class=\"elementor-widget-wrap elementor-element-populated\">\n\t\t\t\t\t\t<div class=\"elementor-element elementor-element-7255e1d elementor-widget elementor-widget-heading\" data-id=\"7255e1d\" data-element_type=\"widget\" data-e-type=\"widget\" data-widget_type=\"heading.default\">\n\t\t\t\t<div class=\"elementor-widget-container\">\n\t\t\t\t\t<h2 class=\"elementor-heading-title elementor-size-default\">Was wir tun<\/h2>\t\t\t\t<\/div>\n\t\t\t\t<\/div>\n\t\t\t\t<div class=\"elementor-element elementor-element-c6353c elementor-widget elementor-widget-text-editor\" data-id=\"c6353c\" data-element_type=\"widget\" data-e-type=\"widget\" data-widget_type=\"text-editor.default\">\n\t\t\t\t<div class=\"elementor-widget-container\">\n\t\t\t\t\t\t\t\t\t<p>Bei Lutemo BV sind wir auf komplexe Stahlkonstruktionen, Silobau und eine Reihe technischer Anwendungen spezialisiert, wie z. B. K\u00fchlr\u00e4ume, Hygieneschleusen und Maschinen f\u00fcr die Mischfutter- und Kaffeeindustrie. Mit unserer umfassenden Montage- und Konstruktionskompetenz bieten wir L\u00f6sungen jeder Gr\u00f6\u00dfenordnung.<\/p>\t\t\t\t\t\t\t\t<\/div>\n\t\t\t\t<\/div>\n\t\t\t\t<div class=\"elementor-element elementor-element-1e25f3b elementor-mobile-align-center elementor-widget elementor-widget-button\" data-id=\"1e25f3b\" data-element_type=\"widget\" data-e-type=\"widget\" data-widget_type=\"button.default\">\n\t\t\t\t<div class=\"elementor-widget-container\">\n\t\t\t\t\t\t\t\t\t<div class=\"elementor-button-wrapper\">\n\t\t\t\t\t<a class=\"elementor-button elementor-button-link elementor-size-sm\" href=\"https:\/\/www.lutemo.nl\/de\/nieuw\/werken-bij\/\">\n\t\t\t\t\t\t<span class=\"elementor-button-content-wrapper\">\n\t\t\t\t\t\t<span class=\"elementor-button-icon\">\n\t\t\t\t<i aria-hidden=\"true\" class=\"ti ti-arrow-right\"><\/i>\t\t\t<\/span>\n\t\t\t\t\t\t\t\t\t<span class=\"elementor-button-text\">Arbeiten bei<\/span>\n\t\t\t\t\t<\/span>\n\t\t\t\t\t<\/a>\n\t\t\t\t<\/div>\n\t\t\t\t\t\t\t\t<\/div>\n\t\t\t\t<\/div>\n\t\t\t\t\t<\/div>\n\t\t<\/div>\n\t\t\t\t\t<\/div>\n\t\t<\/section>\n\t\t\t\t<section class=\"elementor-section elementor-top-section elementor-element elementor-element-379aac71 elementor-reverse-mobile elementor-section-boxed elementor-section-height-default elementor-section-height-default\" data-id=\"379aac71\" data-element_type=\"section\" data-e-type=\"section\" data-settings=\"{&quot;background_background&quot;:&quot;classic&quot;}\">\n\t\t\t\t\t\t<div class=\"elementor-container elementor-column-gap-default\">\n\t\t\t\t\t<div class=\"elementor-column elementor-col-50 elementor-top-column elementor-element elementor-element-4a0a7b1b\" data-id=\"4a0a7b1b\" data-element_type=\"column\" data-e-type=\"column\">\n\t\t\t<div class=\"elementor-widget-wrap elementor-element-populated\">\n\t\t\t\t\t\t<div class=\"elementor-element elementor-element-2a2804fb elementor-widget elementor-widget-heading\" data-id=\"2a2804fb\" data-element_type=\"widget\" data-e-type=\"widget\" data-widget_type=\"heading.default\">\n\t\t\t\t<div class=\"elementor-widget-container\">\n\t\t\t\t\t<h2 class=\"elementor-heading-title elementor-size-default\">Wie wir arbeiten<\/h2>\t\t\t\t<\/div>\n\t\t\t\t<\/div>\n\t\t\t\t<div class=\"elementor-element elementor-element-50c9ef0f elementor-widget elementor-widget-text-editor\" data-id=\"50c9ef0f\" data-element_type=\"widget\" data-e-type=\"widget\" data-widget_type=\"text-editor.default\">\n\t\t\t\t<div class=\"elementor-widget-container\">\n\t\t\t\t\t\t\t\t\t<p>Bei Lutemo BV streben wir eine enge Zusammenarbeit mit unseren Kunden an, bei der kontinuierliche Einblicke und Transparenz im Mittelpunkt stehen. Wir sind ehrlich, genau und halten unsere Vereinbarungen genau ein. Bei Installationen steht f\u00fcr uns Sicherheit an erster Stelle, sowohl auf dem Papier als auch in der Praxis. Wir sind vollst\u00e4ndig zertifiziert und zertifiziert und legen auch auf der Baustelle gro\u00dfen Wert auf kleinste Details, um Problemen vorzubeugen.<\/p>\t\t\t\t\t\t\t\t<\/div>\n\t\t\t\t<\/div>\n\t\t\t\t\t<\/div>\n\t\t<\/div>\n\t\t\t\t<div class=\"elementor-column elementor-col-50 elementor-top-column elementor-element elementor-element-246db4e7\" data-id=\"246db4e7\" data-element_type=\"column\" data-e-type=\"column\" data-settings=\"{&quot;background_background&quot;:&quot;classic&quot;}\">\n\t\t\t<div class=\"elementor-widget-wrap elementor-element-populated\">\n\t\t\t\t\t\t<div class=\"elementor-element elementor-element-2b08484b elementor-widget elementor-widget-image\" data-id=\"2b08484b\" data-element_type=\"widget\" data-e-type=\"widget\" data-widget_type=\"image.default\">\n\t\t\t\t<div class=\"elementor-widget-container\">\n\t\t\t\t\t\t\t\t\t\t\t\t\t\t\t<img decoding=\"async\" width=\"1600\" height=\"1200\" src=\"https:\/\/www.lutemo.nl\/wp-content\/uploads\/2024\/04\/Lutemo-BV-Aalten366960275_309656301587632_7240070192436304945_n.jpg\" class=\"attachment-full size-full wp-image-1084\" alt=\"Lutemo BV - Aalten\" srcset=\"https:\/\/www.lutemo.nl\/wp-content\/uploads\/2024\/04\/Lutemo-BV-Aalten366960275_309656301587632_7240070192436304945_n.jpg 1600w, https:\/\/www.lutemo.nl\/wp-content\/uploads\/2024\/04\/Lutemo-BV-Aalten366960275_309656301587632_7240070192436304945_n-300x225.jpg 300w, https:\/\/www.lutemo.nl\/wp-content\/uploads\/2024\/04\/Lutemo-BV-Aalten366960275_309656301587632_7240070192436304945_n-1024x768.jpg 1024w, https:\/\/www.lutemo.nl\/wp-content\/uploads\/2024\/04\/Lutemo-BV-Aalten366960275_309656301587632_7240070192436304945_n-768x576.jpg 768w, https:\/\/www.lutemo.nl\/wp-content\/uploads\/2024\/04\/Lutemo-BV-Aalten366960275_309656301587632_7240070192436304945_n-1536x1152.jpg 1536w, https:\/\/www.lutemo.nl\/wp-content\/uploads\/2024\/04\/Lutemo-BV-Aalten366960275_309656301587632_7240070192436304945_n-16x12.jpg 16w, https:\/\/www.lutemo.nl\/wp-content\/uploads\/2024\/04\/Lutemo-BV-Aalten366960275_309656301587632_7240070192436304945_n-650x488.jpg 650w\" sizes=\"(max-width: 1600px) 100vw, 1600px\" \/>\t\t\t\t\t\t\t\t\t\t\t\t\t\t\t<\/div>\n\t\t\t\t<\/div>\n\t\t\t\t\t<\/div>\n\t\t<\/div>\n\t\t\t\t\t<\/div>\n\t\t<\/section>\n\t\t\t\t<section class=\"elementor-section elementor-top-section elementor-element elementor-element-753ba1c elementor-section-boxed elementor-section-height-default elementor-section-height-default\" data-id=\"753ba1c\" data-element_type=\"section\" data-e-type=\"section\">\n\t\t\t\t\t\t<div class=\"elementor-container elementor-column-gap-default\">\n\t\t\t\t\t<div class=\"elementor-column elementor-col-50 elementor-top-column elementor-element elementor-element-4ba9224\" data-id=\"4ba9224\" data-element_type=\"column\" data-e-type=\"column\" data-settings=\"{&quot;background_background&quot;:&quot;classic&quot;}\">\n\t\t\t<div class=\"elementor-widget-wrap elementor-element-populated\">\n\t\t\t\t\t\t<div class=\"elementor-element elementor-element-d718e9d elementor-widget elementor-widget-image\" data-id=\"d718e9d\" data-element_type=\"widget\" data-e-type=\"widget\" data-widget_type=\"image.default\">\n\t\t\t\t<div class=\"elementor-widget-container\">\n\t\t\t\t\t\t\t\t\t\t\t\t\t\t\t<img decoding=\"async\" width=\"1280\" height=\"779\" src=\"https:\/\/www.lutemo.nl\/wp-content\/uploads\/2024\/04\/WhatsApp-Image-2024-04-26-at-15.40.11.jpeg\" class=\"attachment-full size-full wp-image-1335\" alt=\"\" srcset=\"https:\/\/www.lutemo.nl\/wp-content\/uploads\/2024\/04\/WhatsApp-Image-2024-04-26-at-15.40.11.jpeg 1280w, https:\/\/www.lutemo.nl\/wp-content\/uploads\/2024\/04\/WhatsApp-Image-2024-04-26-at-15.40.11-300x183.jpeg 300w, https:\/\/www.lutemo.nl\/wp-content\/uploads\/2024\/04\/WhatsApp-Image-2024-04-26-at-15.40.11-1024x623.jpeg 1024w, https:\/\/www.lutemo.nl\/wp-content\/uploads\/2024\/04\/WhatsApp-Image-2024-04-26-at-15.40.11-768x467.jpeg 768w, https:\/\/www.lutemo.nl\/wp-content\/uploads\/2024\/04\/WhatsApp-Image-2024-04-26-at-15.40.11-18x12.jpeg 18w, https:\/\/www.lutemo.nl\/wp-content\/uploads\/2024\/04\/WhatsApp-Image-2024-04-26-at-15.40.11-650x396.jpeg 650w\" sizes=\"(max-width: 1280px) 100vw, 1280px\" \/>\t\t\t\t\t\t\t\t\t\t\t\t\t\t\t<\/div>\n\t\t\t\t<\/div>\n\t\t\t\t\t<\/div>\n\t\t<\/div>\n\t\t\t\t<div class=\"elementor-column elementor-col-50 elementor-top-column elementor-element elementor-element-98d3a20\" data-id=\"98d3a20\" data-element_type=\"column\" data-e-type=\"column\">\n\t\t\t<div class=\"elementor-widget-wrap elementor-element-populated\">\n\t\t\t\t\t\t<div class=\"elementor-element elementor-element-13d90cb elementor-widget elementor-widget-heading\" data-id=\"13d90cb\" data-element_type=\"widget\" data-e-type=\"widget\" data-widget_type=\"heading.default\">\n\t\t\t\t<div class=\"elementor-widget-container\">\n\t\t\t\t\t<h2 class=\"elementor-heading-title elementor-size-default\">Warum sollten Sie sich f\u00fcr Lutemo BV entscheiden?<\/h2>\t\t\t\t<\/div>\n\t\t\t\t<\/div>\n\t\t\t\t<div class=\"elementor-element elementor-element-581141a elementor-widget elementor-widget-text-editor\" data-id=\"581141a\" data-element_type=\"widget\" data-e-type=\"widget\" data-widget_type=\"text-editor.default\">\n\t\t\t\t<div class=\"elementor-widget-container\">\n\t\t\t\t\t\t\t\t\t<p>Bei Lutemo montieren wir mit Pr\u00e4zision und Effizienz. Die technische Installation erfordert Einsicht und handwerkliches K\u00f6nnen, Werte, die wir uns durch Erfahrung und Engagement aneignen. Unsere kompakte Organisation erm\u00f6glicht es uns, flexibel zu agieren und Entscheidungen schnell und wohl\u00fcberlegt zu treffen, ohne unn\u00f6tige Beratungen.<\/p>\t\t\t\t\t\t\t\t<\/div>\n\t\t\t\t<\/div>\n\t\t\t\t<div class=\"elementor-element elementor-element-b85df1e elementor-mobile-align-center elementor-widget elementor-widget-button\" data-id=\"b85df1e\" data-element_type=\"widget\" data-e-type=\"widget\" data-widget_type=\"button.default\">\n\t\t\t\t<div class=\"elementor-widget-container\">\n\t\t\t\t\t\t\t\t\t<div class=\"elementor-button-wrapper\">\n\t\t\t\t\t<a class=\"elementor-button elementor-button-link elementor-size-sm\" href=\"https:\/\/www.lutemo.nl\/de\/nieuw\/contact\/\">\n\t\t\t\t\t\t<span class=\"elementor-button-content-wrapper\">\n\t\t\t\t\t\t<span class=\"elementor-button-icon\">\n\t\t\t\t<i aria-hidden=\"true\" class=\"ti ti-arrow-right\"><\/i>\t\t\t<\/span>\n\t\t\t\t\t\t\t\t\t<span class=\"elementor-button-text\">Kontakt<\/span>\n\t\t\t\t\t<\/span>\n\t\t\t\t\t<\/a>\n\t\t\t\t<\/div>\n\t\t\t\t\t\t\t\t<\/div>\n\t\t\t\t<\/div>\n\t\t\t\t\t<\/div>\n\t\t<\/div>\n\t\t\t\t\t<\/div>\n\t\t<\/section>\n\t\t\t\t<\/div>","protected":false},"excerpt":{"rendered":"<p>Over ons Duik in onze wereldwijde projecten, van groot tot [&hellip;]<\/p>\n","protected":false},"author":3702,"featured_media":0,"parent":0,"menu_order":0,"comment_status":"closed","ping_status":"closed","template":"","meta":{"footnotes":""},"class_list":["post-669","page","type-page","status-publish","hentry"],"_links":{"self":[{"href":"https:\/\/www.lutemo.nl\/de\/wp-json\/wp\/v2\/pages\/669","targetHints":{"allow":["GET"]}}],"collection":[{"href":"https:\/\/www.lutemo.nl\/de\/wp-json\/wp\/v2\/pages"}],"about":[{"href":"https:\/\/www.lutemo.nl\/de\/wp-json\/wp\/v2\/types\/page"}],"author":[{"embeddable":true,"href":"https:\/\/www.lutemo.nl\/de\/wp-json\/wp\/v2\/users\/3702"}],"replies":[{"embeddable":true,"href":"https:\/\/www.lutemo.nl\/de\/wp-json\/wp\/v2\/comments?post=669"}],"version-history":[{"count":3,"href":"https:\/\/www.lutemo.nl\/de\/wp-json\/wp\/v2\/pages\/669\/revisions"}],"predecessor-version":[{"id":1338,"href":"https:\/\/www.lutemo.nl\/de\/wp-json\/wp\/v2\/pages\/669\/revisions\/1338"}],"wp:attachment":[{"href":"https:\/\/www.lutemo.nl\/de\/wp-json\/wp\/v2\/media?parent=669"}],"curies":[{"name":"wp","href":"https:\/\/api.w.org\/{rel}","templated":true}]}}